{"id":36272,"date":"2025-12-07T20:55:37","date_gmt":"2025-12-07T19:55:37","guid":{"rendered":"https:\/\/studio84.fr\/?page_id=36272"},"modified":"2025-12-07T20:59:04","modified_gmt":"2025-12-07T19:59:04","slug":"mentions-legales","status":"publish","type":"page","link":"https:\/\/studio84.fr\/fr\/mentions-legales\/","title":{"rendered":"Mentions L\u00e9gales"},"content":{"rendered":"<p><strong>1. \u00c9DITEUR DU SITE (The Publisher)<\/strong> Le site studio84.fr est \u00e9dit\u00e9 par : <strong>Nom \/ Pr\u00e9nom :<\/strong> Blanco Guillermo <strong>Adresse :<\/strong> 55 Rue Fran\u00e7ois Truffaut <strong>Email :<\/strong> contact@studio84.fr<\/p>\n\n\n\n<p><strong>2. H\u00c9BERGEMENT (The Host)<\/strong> Le site est h\u00e9berg\u00e9 par : <strong>OVH SAS<\/strong> 2 rue Kellermann 59100 Roubaix &#8211; France T\u00e9l\u00e9phone : 1007<\/p>\n\n\n\n<p><strong>3. PROPRI\u00c9T\u00c9 INTELLECTUELLE<\/strong> L\u2019ensemble de ce site rel\u00e8ve de la l\u00e9gislation fran\u00e7aise et internationale sur le droit d\u2019auteur et la propri\u00e9t\u00e9 intellectuelle. Tous les droits de reproduction sont r\u00e9serv\u00e9s, y compris pour les documents iconographiques et photographiques.<\/p>","protected":false},"excerpt":{"rendered":"<p>1. \u00c9DITEUR DU SITE (The Publisher) Le site studio84.fr est \u00e9dit\u00e9 par : Nom \/ Pr\u00e9nom : Blanco Guillermo Adresse : 55 Rue Fran\u00e7ois Truffaut Email : contact@studio84.fr 2. H\u00c9BERGEMENT (The Host) Le site est h\u00e9berg\u00e9 par : OVH SAS 2 rue Kellermann 59100 Roubaix &#8211; France T\u00e9l\u00e9phone : 1007 3. PROPRI\u00c9T\u00c9 INTELLECTUELLE L\u2019ensemble de [&hellip;]<\/p>\n","protected":false},"author":10,"featured_media":0,"parent":0,"menu_order":0,"comment_status":"closed","ping_status":"closed","template":"","meta":{"ngg_post_thumbnail":0,"footnotes":""},"class_list":["post-36272","page","type-page","status-publish","hentry","entry"],"yoast_head":"<!-- This site is optimized with the Yoast SEO plugin v27.4 - https:\/\/yoast.com\/product\/yoast-seo-wordpress\/ -->\n<title>Mentions L\u00e9gales - Studio84 France | Fine Art Photography for sale<\/title>\n<meta name=\"description\" content=\"mentions l\u00e9gales pour le site studio84.fr - photographie, histoires, livres et chroniques sur le domaine de la photographie\" \/>\n<meta name=\"robots\" content=\"index, follow, max-snippet:-1, max-image-preview:large, max-video-preview:-1\" \/>\n<link rel=\"canonical\" href=\"https:\/\/studio84.fr\/fr\/mentions-legales\/\" \/>\n<meta property=\"og:locale\" content=\"fr_FR\" \/>\n<meta property=\"og:type\" content=\"article\" \/>\n<meta property=\"og:title\" content=\"Mentions L\u00e9gales - Studio84 France | Fine Art Photography for sale\" \/>\n<meta property=\"og:description\" content=\"mentions l\u00e9gales pour le site studio84.fr - photographie, histoires, livres et chroniques sur le domaine de la photographie\" \/>\n<meta property=\"og:url\" content=\"https:\/\/studio84.fr\/fr\/mentions-legales\/\" \/>\n<meta property=\"og:site_name\" content=\"Studio84 France | Fine Art Photography for sale\" \/>\n<meta property=\"article:publisher\" content=\"https:\/\/www.facebook.com\/studio84.fr\" \/>\n<meta property=\"article:modified_time\" content=\"2025-12-07T19:59:04+00:00\" \/>\n<meta property=\"og:image\" content=\"https:\/\/studio84.fr\/wp-content\/uploads\/2020\/05\/cropped-cropped-LogoStudio800x300-1.png\" \/>\n\t<meta property=\"og:image:width\" content=\"237\" \/>\n\t<meta property=\"og:image:height\" content=\"234\" \/>\n\t<meta property=\"og:image:type\" content=\"image\/png\" \/>\n<meta name=\"twitter:card\" content=\"summary_large_image\" \/>\n<meta name=\"twitter:label1\" content=\"Dur\u00e9e de lecture estim\u00e9e\" \/>\n\t<meta name=\"twitter:data1\" content=\"1 minute\" \/>\n<script type=\"application\/ld+json\" class=\"yoast-schema-graph\">{\"@context\":\"https:\\\/\\\/schema.org\",\"@graph\":[{\"@type\":\"WebPage\",\"@id\":\"https:\\\/\\\/studio84.fr\\\/mentions-legales\\\/\",\"url\":\"https:\\\/\\\/studio84.fr\\\/mentions-legales\\\/\",\"name\":\"Mentions L\u00e9gales - Studio84 France | Fine Art Photography for sale\",\"isPartOf\":{\"@id\":\"https:\\\/\\\/studio84.fr\\\/#website\"},\"datePublished\":\"2025-12-07T19:55:37+00:00\",\"dateModified\":\"2025-12-07T19:59:04+00:00\",\"description\":\"mentions l\u00e9gales pour le site studio84.fr - photographie, histoires, livres et chroniques sur le domaine de la photographie\",\"breadcrumb\":{\"@id\":\"https:\\\/\\\/studio84.fr\\\/mentions-legales\\\/#breadcrumb\"},\"inLanguage\":\"fr-FR\",\"potentialAction\":[{\"@type\":\"ReadAction\",\"target\":[\"https:\\\/\\\/studio84.fr\\\/mentions-legales\\\/\"]}]},{\"@type\":\"BreadcrumbList\",\"@id\":\"https:\\\/\\\/studio84.fr\\\/mentions-legales\\\/#breadcrumb\",\"itemListElement\":[{\"@type\":\"ListItem\",\"position\":1,\"name\":\"Home\",\"item\":\"https:\\\/\\\/studio84.fr\\\/\"},{\"@type\":\"ListItem\",\"position\":2,\"name\":\"Mentions L\u00e9gales\"}]},{\"@type\":\"WebSite\",\"@id\":\"https:\\\/\\\/studio84.fr\\\/#website\",\"url\":\"https:\\\/\\\/studio84.fr\\\/\",\"name\":\"Studio84 France | Fine Art Photography for sale\",\"description\":\"Exclusive Fine Art for Collectors and Enthusiasts\",\"publisher\":{\"@id\":\"https:\\\/\\\/studio84.fr\\\/#organization\"},\"alternateName\":\"studio84\",\"potentialAction\":[{\"@type\":\"SearchAction\",\"target\":{\"@type\":\"EntryPoint\",\"urlTemplate\":\"https:\\\/\\\/studio84.fr\\\/?s={search_term_string}\"},\"query-input\":{\"@type\":\"PropertyValueSpecification\",\"valueRequired\":true,\"valueName\":\"search_term_string\"}}],\"inLanguage\":\"fr-FR\"},{\"@type\":\"Organization\",\"@id\":\"https:\\\/\\\/studio84.fr\\\/#organization\",\"name\":\"studio84.fr\",\"url\":\"https:\\\/\\\/studio84.fr\\\/\",\"logo\":{\"@type\":\"ImageObject\",\"inLanguage\":\"fr-FR\",\"@id\":\"https:\\\/\\\/studio84.fr\\\/#\\\/schema\\\/logo\\\/image\\\/\",\"url\":\"https:\\\/\\\/studio84.fr\\\/wp-content\\\/uploads\\\/2020\\\/05\\\/cropped-LogoStudio800x300-1-1.png\",\"contentUrl\":\"https:\\\/\\\/studio84.fr\\\/wp-content\\\/uploads\\\/2020\\\/05\\\/cropped-LogoStudio800x300-1-1.png\",\"width\":243,\"height\":232,\"caption\":\"studio84.fr\"},\"image\":{\"@id\":\"https:\\\/\\\/studio84.fr\\\/#\\\/schema\\\/logo\\\/image\\\/\"},\"sameAs\":[\"https:\\\/\\\/www.facebook.com\\\/studio84.fr\",\"https:\\\/\\\/www.instagram.com\\\/studio84.fr\\\/\",\"https:\\\/\\\/www.youtube.com\\\/channel\\\/UC-fAG94Wj8shLp0YrQlgURA\\\/\"]}]}<\/script>\n<!-- \/ Yoast SEO plugin. -->","yoast_head_json":{"title":"Mentions L\u00e9gales - Studio84 France | Fine Art Photography for sale","description":"mentions l\u00e9gales pour le site studio84.fr - photographie, histoires, livres et chroniques sur le domaine de la photographie","robots":{"index":"index","follow":"follow","max-snippet":"max-snippet:-1","max-image-preview":"max-image-preview:large","max-video-preview":"max-video-preview:-1"},"canonical":"https:\/\/studio84.fr\/fr\/mentions-legales\/","og_locale":"fr_FR","og_type":"article","og_title":"Mentions L\u00e9gales - Studio84 France | Fine Art Photography for sale","og_description":"mentions l\u00e9gales pour le site studio84.fr - photographie, histoires, livres et chroniques sur le domaine de la photographie","og_url":"https:\/\/studio84.fr\/fr\/mentions-legales\/","og_site_name":"Studio84 France | Fine Art Photography for sale","article_publisher":"https:\/\/www.facebook.com\/studio84.fr","article_modified_time":"2025-12-07T19:59:04+00:00","og_image":[{"width":237,"height":234,"url":"https:\/\/studio84.fr\/wp-content\/uploads\/2020\/05\/cropped-cropped-LogoStudio800x300-1.png","type":"image\/png"}],"twitter_card":"summary_large_image","twitter_misc":{"Dur\u00e9e de lecture estim\u00e9e":"1 minute"},"schema":{"@context":"https:\/\/schema.org","@graph":[{"@type":"WebPage","@id":"https:\/\/studio84.fr\/mentions-legales\/","url":"https:\/\/studio84.fr\/mentions-legales\/","name":"Mentions L\u00e9gales - Studio84 France | Fine Art Photography for sale","isPartOf":{"@id":"https:\/\/studio84.fr\/#website"},"datePublished":"2025-12-07T19:55:37+00:00","dateModified":"2025-12-07T19:59:04+00:00","description":"mentions l\u00e9gales pour le site studio84.fr - photographie, histoires, livres et chroniques sur le domaine de la photographie","breadcrumb":{"@id":"https:\/\/studio84.fr\/mentions-legales\/#breadcrumb"},"inLanguage":"fr-FR","potentialAction":[{"@type":"ReadAction","target":["https:\/\/studio84.fr\/mentions-legales\/"]}]},{"@type":"BreadcrumbList","@id":"https:\/\/studio84.fr\/mentions-legales\/#breadcrumb","itemListElement":[{"@type":"ListItem","position":1,"name":"Home","item":"https:\/\/studio84.fr\/"},{"@type":"ListItem","position":2,"name":"Mentions L\u00e9gales"}]},{"@type":"WebSite","@id":"https:\/\/studio84.fr\/#website","url":"https:\/\/studio84.fr\/","name":"Studio84 France | Fine Art Photography for sale","description":"Exclusive Fine Art for Collectors and Enthusiasts","publisher":{"@id":"https:\/\/studio84.fr\/#organization"},"alternateName":"studio84","potentialAction":[{"@type":"SearchAction","target":{"@type":"EntryPoint","urlTemplate":"https:\/\/studio84.fr\/?s={search_term_string}"},"query-input":{"@type":"PropertyValueSpecification","valueRequired":true,"valueName":"search_term_string"}}],"inLanguage":"fr-FR"},{"@type":"Organization","@id":"https:\/\/studio84.fr\/#organization","name":"studio84.fr","url":"https:\/\/studio84.fr\/","logo":{"@type":"ImageObject","inLanguage":"fr-FR","@id":"https:\/\/studio84.fr\/#\/schema\/logo\/image\/","url":"https:\/\/studio84.fr\/wp-content\/uploads\/2020\/05\/cropped-LogoStudio800x300-1-1.png","contentUrl":"https:\/\/studio84.fr\/wp-content\/uploads\/2020\/05\/cropped-LogoStudio800x300-1-1.png","width":243,"height":232,"caption":"studio84.fr"},"image":{"@id":"https:\/\/studio84.fr\/#\/schema\/logo\/image\/"},"sameAs":["https:\/\/www.facebook.com\/studio84.fr","https:\/\/www.instagram.com\/studio84.fr\/","https:\/\/www.youtube.com\/channel\/UC-fAG94Wj8shLp0YrQlgURA\/"]}]}},"_links":{"self":[{"href":"https:\/\/studio84.fr\/fr\/wp-json\/wp\/v2\/pages\/36272","targetHints":{"allow":["GET"]}}],"collection":[{"href":"https:\/\/studio84.fr\/fr\/wp-json\/wp\/v2\/pages"}],"about":[{"href":"https:\/\/studio84.fr\/fr\/wp-json\/wp\/v2\/types\/page"}],"author":[{"embeddable":true,"href":"https:\/\/studio84.fr\/fr\/wp-json\/wp\/v2\/users\/10"}],"replies":[{"embeddable":true,"href":"https:\/\/studio84.fr\/fr\/wp-json\/wp\/v2\/comments?post=36272"}],"version-history":[{"count":1,"href":"https:\/\/studio84.fr\/fr\/wp-json\/wp\/v2\/pages\/36272\/revisions"}],"predecessor-version":[{"id":36273,"href":"https:\/\/studio84.fr\/fr\/wp-json\/wp\/v2\/pages\/36272\/revisions\/36273"}],"wp:attachment":[{"href":"https:\/\/studio84.fr\/fr\/wp-json\/wp\/v2\/media?parent=36272"}],"curies":[{"name":"wp","href":"https:\/\/api.w.org\/{rel}","templated":true}]}}