{"id":33992,"date":"2023-12-15T11:02:48","date_gmt":"2023-12-15T10:02:48","guid":{"rendered":"https:\/\/studio84.fr\/?page_id=33992"},"modified":"2025-12-07T20:48:56","modified_gmt":"2025-12-07T19:48:56","slug":"privacy-policy","status":"publish","type":"page","link":"https:\/\/studio84.fr\/fr\/privacy-policy\/","title":{"rendered":"Politique de confidentialit\u00e9"},"content":{"rendered":"<p><\/p>\n\n\n\n<h2 class=\"wp-block-heading\">Introduction<\/h2>\n\n\n\n<p>Bienvenue \u00e0 Studio84.fr. Nous attachons une grande importance \u00e0 la protection de votre vie priv\u00e9e. Studio84.fr se consacre \u00e0 la vente de travaux photographiques de haute qualit\u00e9 et veille \u00e0 ce que vos informations personnelles soient respect\u00e9es et prot\u00e9g\u00e9es. Notre politique de confidentialit\u00e9 d\u00e9crit les types d'informations que nous recueillons et la mani\u00e8re dont elles sont utilis\u00e9es et sauvegard\u00e9es.<\/p>\n\n\n\n<h2 class=\"wp-block-heading\">Qui sommes-nous ?<\/h2>\n\n\n\n<p>L'adresse de notre site web est <a href=\"https:\/\/studio84.fr\/fr\/\">https:\/\/studio84.fr<\/a>. Nous sommes une plateforme en ligne d\u00e9di\u00e9e \u00e0 la pr\u00e9sentation et \u00e0 la vente d'\u0153uvres photographiques uniques.<\/p>\n\n\n\n<h2 class=\"wp-block-heading\">Commentaires<\/h2>\n\n\n\n<p>Lorsque des visiteurs laissent des commentaires sur notre site, nous recueillons les donn\u00e9es figurant dans le formulaire de commentaires, ainsi que l'adresse IP du visiteur et la cha\u00eene de l'agent utilisateur du navigateur pour faciliter la d\u00e9tection des spams. Une cha\u00eene anonymis\u00e9e (hachage) cr\u00e9\u00e9e \u00e0 partir de votre adresse \u00e9lectronique peut \u00eatre fournie au service Gravatar pour v\u00e9rifier si vous l'utilisez (la politique de confidentialit\u00e9 du service Gravatar est disponible ici : https:\/\/automattic.com\/privacy\/). Apr\u00e8s approbation de votre commentaire, votre photo de profil est visible par le public dans le contexte de votre commentaire.<\/p>\n\n\n\n<h2 class=\"wp-block-heading\">M\u00e9dia<\/h2>\n\n\n\n<p>Si vous t\u00e9l\u00e9chargez des images sur le site web, \u00e9vitez de le faire avec des donn\u00e9es de localisation int\u00e9gr\u00e9es (EXIF GPS). Les visiteurs du site web peuvent t\u00e9l\u00e9charger et extraire toutes les donn\u00e9es de localisation des images sur le site web.<\/p>\n\n\n\n<h2 class=\"wp-block-heading\">Cookies<\/h2>\n\n\n\n<p>Si vous laissez un commentaire sur notre site, vous pouvez choisir d'enregistrer votre nom, votre adresse \u00e9lectronique et votre site web dans des cookies. Ces cookies sont destin\u00e9s \u00e0 vous faciliter la t\u00e2che, de sorte que vous n'ayez pas \u00e0 remplir \u00e0 nouveau vos coordonn\u00e9es lorsque vous laissez un autre commentaire. Ces cookies ont une dur\u00e9e de vie d'un an.<\/p>\n\n\n\n<p>Si vous visitez notre page de connexion, nous installons un cookie temporaire pour d\u00e9terminer si votre navigateur accepte les cookies. Ce cookie ne contient aucune donn\u00e9e personnelle et est supprim\u00e9 lorsque vous fermez votre navigateur.<\/p>\n\n\n\n<p>Lorsque vous vous connectez, nous installons plusieurs cookies pour enregistrer vos informations de connexion et vos choix d'affichage \u00e0 l'\u00e9cran. Les cookies de connexion ont une dur\u00e9e de vie de deux jours et les cookies d'options d'\u00e9cran ont une dur\u00e9e de vie d'un an. Si vous s\u00e9lectionnez l'option \"Se souvenir de moi\", votre connexion sera conserv\u00e9e pendant deux semaines. Si vous vous d\u00e9connectez de votre compte, les cookies de connexion seront supprim\u00e9s.<\/p>\n\n\n\n<p>Si vous modifiez ou publiez un article, un cookie suppl\u00e9mentaire sera enregistr\u00e9 dans votre navigateur. Ce cookie ne contient aucune donn\u00e9e personnelle et indique simplement l'identifiant de l'article que vous venez de modifier. Il expire apr\u00e8s 1 jour.<\/p>\n\n\n\n<h2 class=\"wp-block-heading\">Contenu int\u00e9gr\u00e9 d'autres sites web<\/h2>\n\n\n\n<p>Les articles de ce site peuvent contenir du contenu int\u00e9gr\u00e9 (par exemple, des vid\u00e9os, des images, des articles, etc.). Le contenu int\u00e9gr\u00e9 provenant d'autres sites web se comporte exactement de la m\u00eame mani\u00e8re que si le visiteur avait visit\u00e9 l'autre site web. Ces sites web peuvent collecter des donn\u00e9es vous concernant, utiliser des cookies, int\u00e9grer un suivi suppl\u00e9mentaire par des tiers et surveiller votre interaction avec ce contenu int\u00e9gr\u00e9, y compris votre interaction avec le contenu int\u00e9gr\u00e9 si vous avez un compte et que vous \u00eates connect\u00e9 \u00e0 ce site web.<\/p>\n\n\n\n<h2 class=\"wp-block-heading\">Avec qui nous partageons vos donn\u00e9es<\/h2>\n\n\n\n<p>Si vous demandez une r\u00e9initialisation de votre mot de passe, votre adresse IP sera incluse dans l'e-mail de r\u00e9initialisation.<\/p>\n\n\n\n<h2 class=\"wp-block-heading\">Dur\u00e9e de conservation des donn\u00e9es<\/h2>\n\n\n\n<p>Si vous laissez un commentaire, celui-ci et ses m\u00e9tadonn\u00e9es sont conserv\u00e9s ind\u00e9finiment. Cela nous permet de reconna\u00eetre et d'approuver automatiquement les commentaires de suivi au lieu de les conserver dans une file d'attente de mod\u00e9ration.<\/p>\n\n\n\n<p>Pour les utilisateurs qui s'inscrivent sur notre site web, nous stockons \u00e9galement les informations personnelles qu'ils fournissent dans leur profil d'utilisateur. Tous les utilisateurs peuvent voir, modifier ou supprimer leurs informations personnelles \u00e0 tout moment (sauf qu'ils ne peuvent pas changer leur nom d'utilisateur). Les administrateurs du site web peuvent \u00e9galement consulter et modifier ces informations.<\/p>\n\n\n\n<h2 class=\"wp-block-heading\">Quels sont les droits dont vous disposez sur vos donn\u00e9es ?<\/h2>\n\n\n\n<p>Si vous avez un compte sur ce site, ou si vous avez laiss\u00e9 des commentaires, vous pouvez demander \u00e0 recevoir un fichier export\u00e9 des donn\u00e9es personnelles que nous d\u00e9tenons \u00e0 votre sujet, y compris toutes les donn\u00e9es que vous nous avez fournies. Vous pouvez \u00e9galement nous demander d'effacer toutes les donn\u00e9es personnelles que nous d\u00e9tenons \u00e0 votre sujet. Cela n'inclut pas les donn\u00e9es que nous sommes oblig\u00e9s de conserver \u00e0 des fins administratives, juridiques ou de s\u00e9curit\u00e9.<\/p>\n\n\n\n<h2 class=\"wp-block-heading\">O\u00f9 vos donn\u00e9es sont-elles envoy\u00e9es ?<\/h2>\n\n\n\n<p>Les commentaires des visiteurs peuvent \u00eatre v\u00e9rifi\u00e9s par un service automatis\u00e9 de d\u00e9tection des spams.<\/p>\n\n\n\n<h2 class=\"wp-block-heading\"><strong>Informations sur le contact<\/strong><\/h2>\n\n\n\n<p>Pour toute question concernant cette politique de confidentialit\u00e9 ou vos donn\u00e9es personnelles, veuillez nous contacter \u00e0 l'adresse contact@studio84.fr.<\/p>\n\n\n\n<h2 class=\"wp-block-heading\"><strong>Mises \u00e0 jour de la politique<\/strong><\/h2>\n\n\n\n<p>Nous pouvons mettre \u00e0 jour cette politique de confidentialit\u00e9 de temps \u00e0 autre pour refl\u00e9ter des changements dans nos pratiques ou pour d'autres raisons op\u00e9rationnelles, juridiques ou r\u00e9glementaires<\/p>","protected":false},"excerpt":{"rendered":"<p>Introduction Welcome to Studio84.fr. Your privacy is critically important to us. Studio84.fr is dedicated to selling high-quality photographic work and ensuring that your personal information is respected and protected. Our privacy policy outlines the types of information we collect and how it is used and safeguarded. Who we are Our website address is https:\/\/studio84.fr. We [&hellip;]<\/p>\n","protected":false},"author":10,"featured_media":0,"parent":0,"menu_order":0,"comment_status":"closed","ping_status":"closed","template":"","meta":{"ngg_post_thumbnail":0,"footnotes":""},"class_list":["post-33992","page","type-page","status-publish","hentry","entry"],"yoast_head":"<!-- This site is optimized with the Yoast SEO plugin v27.4 - https:\/\/yoast.com\/product\/yoast-seo-wordpress\/ -->\n<title>Privacy Policy - Studio84 France | Fine Art Photography for sale<\/title>\n<meta name=\"description\" content=\"privacy policy information about how personal data will be handle when leaving a post or providing personal information.\" \/>\n<meta name=\"robots\" content=\"index, follow, max-snippet:-1, max-image-preview:large, max-video-preview:-1\" \/>\n<link rel=\"canonical\" href=\"https:\/\/studio84.fr\/fr\/privacy-policy\/\" \/>\n<meta property=\"og:locale\" content=\"fr_FR\" \/>\n<meta property=\"og:type\" content=\"article\" \/>\n<meta property=\"og:title\" content=\"Privacy Policy - Studio84 France | Fine Art Photography for sale\" \/>\n<meta property=\"og:description\" content=\"privacy policy information about how personal data will be handle when leaving a post or providing personal information.\" \/>\n<meta property=\"og:url\" content=\"https:\/\/studio84.fr\/fr\/privacy-policy\/\" \/>\n<meta property=\"og:site_name\" content=\"Studio84 France | Fine Art Photography for sale\" \/>\n<meta property=\"article:publisher\" content=\"https:\/\/www.facebook.com\/studio84.fr\" \/>\n<meta property=\"article:modified_time\" content=\"2025-12-07T19:48:56+00:00\" \/>\n<meta property=\"og:image\" content=\"https:\/\/studio84.fr\/wp-content\/uploads\/2020\/05\/cropped-cropped-LogoStudio800x300-1.png\" \/>\n\t<meta property=\"og:image:width\" content=\"237\" \/>\n\t<meta property=\"og:image:height\" content=\"234\" \/>\n\t<meta property=\"og:image:type\" content=\"image\/png\" \/>\n<meta name=\"twitter:card\" content=\"summary_large_image\" \/>\n<meta name=\"twitter:label1\" content=\"Dur\u00e9e de lecture estim\u00e9e\" \/>\n\t<meta name=\"twitter:data1\" content=\"4 minutes\" \/>\n<script type=\"application\/ld+json\" class=\"yoast-schema-graph\">{\"@context\":\"https:\\\/\\\/schema.org\",\"@graph\":[{\"@type\":\"WebPage\",\"@id\":\"https:\\\/\\\/studio84.fr\\\/privacy-policy\\\/\",\"url\":\"https:\\\/\\\/studio84.fr\\\/privacy-policy\\\/\",\"name\":\"Privacy Policy - Studio84 France | Fine Art Photography for sale\",\"isPartOf\":{\"@id\":\"https:\\\/\\\/studio84.fr\\\/#website\"},\"datePublished\":\"2023-12-15T10:02:48+00:00\",\"dateModified\":\"2025-12-07T19:48:56+00:00\",\"description\":\"privacy policy information about how personal data will be handle when leaving a post or providing personal information.\",\"breadcrumb\":{\"@id\":\"https:\\\/\\\/studio84.fr\\\/privacy-policy\\\/#breadcrumb\"},\"inLanguage\":\"fr-FR\",\"potentialAction\":[{\"@type\":\"ReadAction\",\"target\":[\"https:\\\/\\\/studio84.fr\\\/privacy-policy\\\/\"]}]},{\"@type\":\"BreadcrumbList\",\"@id\":\"https:\\\/\\\/studio84.fr\\\/privacy-policy\\\/#breadcrumb\",\"itemListElement\":[{\"@type\":\"ListItem\",\"position\":1,\"name\":\"Home\",\"item\":\"https:\\\/\\\/studio84.fr\\\/\"},{\"@type\":\"ListItem\",\"position\":2,\"name\":\"Privacy Policy\"}]},{\"@type\":\"WebSite\",\"@id\":\"https:\\\/\\\/studio84.fr\\\/#website\",\"url\":\"https:\\\/\\\/studio84.fr\\\/\",\"name\":\"Studio84 France | Fine Art Photography for sale\",\"description\":\"Exclusive Fine Art for Collectors and Enthusiasts\",\"publisher\":{\"@id\":\"https:\\\/\\\/studio84.fr\\\/#organization\"},\"alternateName\":\"studio84\",\"potentialAction\":[{\"@type\":\"SearchAction\",\"target\":{\"@type\":\"EntryPoint\",\"urlTemplate\":\"https:\\\/\\\/studio84.fr\\\/?s={search_term_string}\"},\"query-input\":{\"@type\":\"PropertyValueSpecification\",\"valueRequired\":true,\"valueName\":\"search_term_string\"}}],\"inLanguage\":\"fr-FR\"},{\"@type\":\"Organization\",\"@id\":\"https:\\\/\\\/studio84.fr\\\/#organization\",\"name\":\"studio84.fr\",\"url\":\"https:\\\/\\\/studio84.fr\\\/\",\"logo\":{\"@type\":\"ImageObject\",\"inLanguage\":\"fr-FR\",\"@id\":\"https:\\\/\\\/studio84.fr\\\/#\\\/schema\\\/logo\\\/image\\\/\",\"url\":\"https:\\\/\\\/studio84.fr\\\/wp-content\\\/uploads\\\/2020\\\/05\\\/cropped-LogoStudio800x300-1-1.png\",\"contentUrl\":\"https:\\\/\\\/studio84.fr\\\/wp-content\\\/uploads\\\/2020\\\/05\\\/cropped-LogoStudio800x300-1-1.png\",\"width\":243,\"height\":232,\"caption\":\"studio84.fr\"},\"image\":{\"@id\":\"https:\\\/\\\/studio84.fr\\\/#\\\/schema\\\/logo\\\/image\\\/\"},\"sameAs\":[\"https:\\\/\\\/www.facebook.com\\\/studio84.fr\",\"https:\\\/\\\/www.instagram.com\\\/studio84.fr\\\/\",\"https:\\\/\\\/www.youtube.com\\\/channel\\\/UC-fAG94Wj8shLp0YrQlgURA\\\/\"]}]}<\/script>\n<!-- \/ Yoast SEO plugin. -->","yoast_head_json":{"title":"Privacy Policy - Studio84 France | Fine Art Photography for sale","description":"privacy policy information about how personal data will be handle when leaving a post or providing personal information.","robots":{"index":"index","follow":"follow","max-snippet":"max-snippet:-1","max-image-preview":"max-image-preview:large","max-video-preview":"max-video-preview:-1"},"canonical":"https:\/\/studio84.fr\/fr\/privacy-policy\/","og_locale":"fr_FR","og_type":"article","og_title":"Privacy Policy - Studio84 France | Fine Art Photography for sale","og_description":"privacy policy information about how personal data will be handle when leaving a post or providing personal information.","og_url":"https:\/\/studio84.fr\/fr\/privacy-policy\/","og_site_name":"Studio84 France | Fine Art Photography for sale","article_publisher":"https:\/\/www.facebook.com\/studio84.fr","article_modified_time":"2025-12-07T19:48:56+00:00","og_image":[{"width":237,"height":234,"url":"https:\/\/studio84.fr\/wp-content\/uploads\/2020\/05\/cropped-cropped-LogoStudio800x300-1.png","type":"image\/png"}],"twitter_card":"summary_large_image","twitter_misc":{"Dur\u00e9e de lecture estim\u00e9e":"4 minutes"},"schema":{"@context":"https:\/\/schema.org","@graph":[{"@type":"WebPage","@id":"https:\/\/studio84.fr\/privacy-policy\/","url":"https:\/\/studio84.fr\/privacy-policy\/","name":"Privacy Policy - Studio84 France | Fine Art Photography for sale","isPartOf":{"@id":"https:\/\/studio84.fr\/#website"},"datePublished":"2023-12-15T10:02:48+00:00","dateModified":"2025-12-07T19:48:56+00:00","description":"privacy policy information about how personal data will be handle when leaving a post or providing personal information.","breadcrumb":{"@id":"https:\/\/studio84.fr\/privacy-policy\/#breadcrumb"},"inLanguage":"fr-FR","potentialAction":[{"@type":"ReadAction","target":["https:\/\/studio84.fr\/privacy-policy\/"]}]},{"@type":"BreadcrumbList","@id":"https:\/\/studio84.fr\/privacy-policy\/#breadcrumb","itemListElement":[{"@type":"ListItem","position":1,"name":"Home","item":"https:\/\/studio84.fr\/"},{"@type":"ListItem","position":2,"name":"Privacy Policy"}]},{"@type":"WebSite","@id":"https:\/\/studio84.fr\/#website","url":"https:\/\/studio84.fr\/","name":"Studio84 France | Fine Art Photography for sale","description":"Exclusive Fine Art for Collectors and Enthusiasts","publisher":{"@id":"https:\/\/studio84.fr\/#organization"},"alternateName":"studio84","potentialAction":[{"@type":"SearchAction","target":{"@type":"EntryPoint","urlTemplate":"https:\/\/studio84.fr\/?s={search_term_string}"},"query-input":{"@type":"PropertyValueSpecification","valueRequired":true,"valueName":"search_term_string"}}],"inLanguage":"fr-FR"},{"@type":"Organization","@id":"https:\/\/studio84.fr\/#organization","name":"studio84.fr","url":"https:\/\/studio84.fr\/","logo":{"@type":"ImageObject","inLanguage":"fr-FR","@id":"https:\/\/studio84.fr\/#\/schema\/logo\/image\/","url":"https:\/\/studio84.fr\/wp-content\/uploads\/2020\/05\/cropped-LogoStudio800x300-1-1.png","contentUrl":"https:\/\/studio84.fr\/wp-content\/uploads\/2020\/05\/cropped-LogoStudio800x300-1-1.png","width":243,"height":232,"caption":"studio84.fr"},"image":{"@id":"https:\/\/studio84.fr\/#\/schema\/logo\/image\/"},"sameAs":["https:\/\/www.facebook.com\/studio84.fr","https:\/\/www.instagram.com\/studio84.fr\/","https:\/\/www.youtube.com\/channel\/UC-fAG94Wj8shLp0YrQlgURA\/"]}]}},"_links":{"self":[{"href":"https:\/\/studio84.fr\/fr\/wp-json\/wp\/v2\/pages\/33992","targetHints":{"allow":["GET"]}}],"collection":[{"href":"https:\/\/studio84.fr\/fr\/wp-json\/wp\/v2\/pages"}],"about":[{"href":"https:\/\/studio84.fr\/fr\/wp-json\/wp\/v2\/types\/page"}],"author":[{"embeddable":true,"href":"https:\/\/studio84.fr\/fr\/wp-json\/wp\/v2\/users\/10"}],"replies":[{"embeddable":true,"href":"https:\/\/studio84.fr\/fr\/wp-json\/wp\/v2\/comments?post=33992"}],"version-history":[{"count":1,"href":"https:\/\/studio84.fr\/fr\/wp-json\/wp\/v2\/pages\/33992\/revisions"}],"predecessor-version":[{"id":33993,"href":"https:\/\/studio84.fr\/fr\/wp-json\/wp\/v2\/pages\/33992\/revisions\/33993"}],"wp:attachment":[{"href":"https:\/\/studio84.fr\/fr\/wp-json\/wp\/v2\/media?parent=33992"}],"curies":[{"name":"wp","href":"https:\/\/api.w.org\/{rel}","templated":true}]}}